{"id":21,"date":"2024-06-03T12:27:04","date_gmt":"2024-06-03T12:27:04","guid":{"rendered":"https:\/\/twinkletheme.com\/themeforest\/wp\/elementor\/bixola\/?page_id=21"},"modified":"2025-04-24T15:00:56","modified_gmt":"2025-04-24T15:00:56","slug":"yakitmatic-nedir","status":"publish","type":"page","link":"https:\/\/www.yakitmatic.com\/index.php\/yakitmatic-nedir\/","title":{"rendered":"Yak\u0131tmatik Nedir?"},"content":{"rendered":"\t\t<div data-elementor-type=\"wp-page\" data-elementor-id=\"21\" class=\"elementor elementor-21\">\n\t\t\t\t<div class=\"elementor-element elementor-element-18a6656 e-con-full e-flex e-con e-parent\" data-id=\"18a6656\" data-element_type=\"container\">\n\t\t\t\t<div class=\"elementor-element elementor-element-ffa5134 elementor-widget elementor-widget-bixola_about\" data-id=\"ffa5134\" data-element_type=\"widget\" data-widget_type=\"bixola_about.default\">\n\t\t\t\t<div class=\"elementor-widget-container\">\n\t\t\t\t\t\r\n        \r\n            <section class=\"bixola-el-section about-two\">\r\n                                    <div class=\"about-two__shape-2 zoominout\">\r\n                        <img decoding=\"async\" src=\"https:\/\/www.yakitmatic.com\/wp-content\/themes\/bixola\/assets\/images\/shapes\/about-two-shape-2.png\" alt=\"shape\">\r\n                    <\/div>\r\n                    <div class=\"about-two__shape-3 float-bob-y\">\r\n                        <img decoding=\"async\" src=\"https:\/\/www.yakitmatic.com\/wp-content\/themes\/bixola\/assets\/images\/shapes\/about-two-shape-3.png\" alt=\"shape\">\r\n                    <\/div>\r\n                                <div class=\"container\">\r\n                    <div class=\"row\">\r\n                        <div class=\"col-xl-6 col-lg-6\">\r\n                            <div class=\"about-two__left\">\r\n                                                                    <h2 class=\"bixola-el-title about-two__title\">\r\n                                        Yak\u0131tmatik nedir?                                    <\/h2>\r\n                                \r\n                                                                    <p class=\"bixola-el-description about-two__text\">\r\n                                        Yak\u0131tmatik nedir? Yak\u0131tmatik bir akaryak\u0131t denetim ve filo y\u00f6netim sistemidir.\n<br><br>\n\u0130stasyonda nakit\/kredi ile \u00f6deme yapmadan, fi\u015f veya fatura almaya gerek kalmadan yak\u0131t al\u0131m\u0131n\u0131 sa\u011flar.\n<br><br>\nYak\u0131tmatik dolum bilgilerini ve ta\u015f\u0131t t\u00fcketim bilgilerini elektronik ortamda raporlar.\n<br><br>\nYak\u0131tmatik bir\u00e7ok de\u011fi\u015fik limitleme parametresi sayesinde akaryak\u0131t t\u00fcketimini kontrol alt\u0131na al\u0131r.\n<br><br>\nYak\u0131tmatik kilometre takibini basit ve g\u00fcvenli olarak yak\u0131t al\u0131m an\u0131ndaki zamana g\u00f6re takip eder.\n<br><br>\nHer 10 g\u00fcnde bir kesilen faturaya istinaden g\u00f6nderilen raporlarla, hangi ta\u015f\u0131t\u0131n hangi istasyondan, ne zaman, ne kadar, hangi km\u2019de, ne cins yak\u0131t ald\u0131\u011f\u0131n\u0131 bildirir.                                    <\/p>\r\n                                \r\n                                \r\n                                <ul class=\"about-two__points list-unstyled\">\r\n                                                                            <li>\r\n                                            <div class=\"about-two__count count-box\">\r\n                                                <h3\r\n                                                    class=\"count-text\"\r\n                                                    data-stop=\"10\"\r\n                                                    data-speed=\"1500\">\r\n                                                    00                                                <\/h3>\r\n                                                                                                    <span>+<\/span>\r\n                                                                                            <\/div>\r\n                                            <p>Y\u0131l\u0131 A\u015fk\u0131n <br> S\u00fcredir<\/p>\r\n                                        <\/li>\r\n                                                                                                                <li>\r\n                                            <div class=\"about-two__count count-box\">\r\n                                                <h3\r\n                                                    class=\"count-text\"\r\n                                                    data-stop=\"8\"\r\n                                                    data-speed=\"1500\">\r\n                                                    00                                                <\/h3>\r\n                                                                                                    <span>Bin+<\/span>\r\n                                                                                            <\/div>\r\n                                            <p>Bitirilmi\u015f <br> Proje<\/p>\r\n                                        <\/li>\r\n                                                                    <\/ul>\r\n                                                                    <div class=\"about-two__btn-box\">\r\n                                        <a href=\"https:\/\/www.yakitmatic.com\/index.php\/iletisim\/\" target=\"_self\" rel=\"nofollow\" class=\"bixola-el-button about-two__btn thm-btn-two\">\r\n                                            Hemen Ba\u015fvur                                        <\/a>\r\n                                    <\/div>\r\n                                                            <\/div>\r\n                        <\/div>\r\n                        <div class=\"col-xl-6 col-lg-6\">\r\n                            <div class=\"about-two__right\">\r\n                                <div class=\"about-two__img wow slideInRight\" data-wow-delay=\"100ms\" data-wow-duration=\"2500ms\">\r\n                                                                            <div class=\"about-two__shape-1 img-bounce\">\r\n                                            <img decoding=\"async\" src=\"https:\/\/www.yakitmatic.com\/wp-content\/themes\/bixola\/assets\/images\/shapes\/about-two-shape-1.png\" alt=\"shape\">\r\n                                        <\/div>\r\n                                                                                                                <img decoding=\"async\" src=\"https:\/\/www.yakitmatic.com\/wp-content\/uploads\/2025\/04\/Total-Yakit-Matik-Nedir.png\" alt=\"\">\r\n                                                                                                        <\/div>\r\n                            <\/div>\r\n                        <\/div>\r\n                    <\/div>\r\n                <\/div>\r\n            <\/section>\r\n\r\n\r\n        \t\t\t\t<\/div>\n\t\t\t\t<\/div>\n\t\t\t\t<\/div>\n\t\t<div class=\"elementor-element elementor-element-2544e6f e-con-full e-flex e-con e-parent\" data-id=\"2544e6f\" data-element_type=\"container\">\n\t\t\t\t<div class=\"elementor-element elementor-element-309a0a7 elementor-widget elementor-widget-bixola_work_process\" data-id=\"309a0a7\" data-element_type=\"widget\" data-widget_type=\"bixola_work_process.default\">\n\t\t\t\t<div class=\"elementor-widget-container\">\n\t\t\t\t\t\r\n            <section class=\"bixola-el-section process-one\">\r\n                <div class=\"container\">\r\n                                            <h3 class=\"section__title-two\">\r\n                            Nas\u0131l Kullan\u0131l\u0131r?                        <\/h3>\r\n                                        <div class=\"process-one__inner\">\r\n                                                    <div class=\"process-one__shape-1\">\r\n                                <img decoding=\"async\" src=\"https:\/\/www.yakitmatic.com\/wp-content\/themes\/bixola\/assets\/images\/shapes\/process-one-shape-1.png\" alt=\"\">\r\n                            <\/div>\r\n                                                <div class=\"row\">\r\n                                                            <div class=\"col-xl-3 col-lg-6 col-md-6\">\r\n                                    <div class=\"process-one__single\">\r\n                                        <div class=\"process-one__count\"><\/div>\r\n                                                                                    <h3 class=\"process-one__title\">\r\n                                                Sisteme Kay\u0131t                                            <\/h3>\r\n                                                                                                                            <p class=\"process-one__text\">Yak\u0131tmatik\u2019i kullanmak olduk\u00e7a kolayd\u0131r. Sisteme kaydolduktan sonra yapman\u0131z gerekenler;<\/p>\r\n                                                                            <\/div>\r\n                                <\/div>\r\n                                                            <div class=\"col-xl-3 col-lg-6 col-md-6\">\r\n                                    <div class=\"process-one__single\">\r\n                                        <div class=\"process-one__count\"><\/div>\r\n                                                                                    <h3 class=\"process-one__title\">\r\n                                                Yak\u0131tmatik Pompas\u0131                                            <\/h3>\r\n                                                                                                                            <p class=\"process-one__text\">Yak\u0131tmatik sistemine d\u00e2hil olan bir istasyona girilir ve \u00fczerinde yak\u0131tmatik yazan pompaya yana\u015f\u0131l\u0131r.<\/p>\r\n                                                                            <\/div>\r\n                                <\/div>\r\n                                                            <div class=\"col-xl-3 col-lg-6 col-md-6\">\r\n                                    <div class=\"process-one__single\">\r\n                                        <div class=\"process-one__count\"><\/div>\r\n                                                                                    <h3 class=\"process-one__title\">\r\n                                                Yak\u0131t Al\u0131m\u0131                                            <\/h3>\r\n                                                                                                                            <p class=\"process-one__text\">Pompa ara\u00e7 deposuna girdi\u011fi anda sistem aktif olacakt\u0131r. \u00dcr\u00fcn tipi ve limit kontrolleri yap\u0131ld\u0131ktan sonra yak\u0131t dolumu ba\u015flayacakt\u0131r.<\/p>\r\n                                                                            <\/div>\r\n                                <\/div>\r\n                                                            <div class=\"col-xl-3 col-lg-6 col-md-6\">\r\n                                    <div class=\"process-one__single\">\r\n                                        <div class=\"process-one__count\"><\/div>\r\n                                                                                    <h3 class=\"process-one__title\">\r\n                                                Veri Taban\u0131 \u0130\u015fleme                                            <\/h3>\r\n                                                                                                                            <p class=\"process-one__text\">Dolum sonras\u0131 ara\u00e7 ve dolum bilgileri TOTAL\u2019in merkezindeki veri taban\u0131na y\u00fcklenecektir.<\/p>\r\n                                                                            <\/div>\r\n                                <\/div>\r\n                                                    <\/div>\r\n                    <\/div>\r\n                <\/div>\r\n            <\/section>\r\n\r\n        \t\t\t\t<\/div>\n\t\t\t\t<\/div>\n\t\t\t\t<\/div>\n\t\t<div class=\"elementor-element elementor-element-0f1551d e-flex e-con-boxed e-con e-parent\" data-id=\"0f1551d\" data-element_type=\"container\">\n\t\t\t\t\t<div class=\"e-con-inner\">\n\t\t\t\t<div class=\"elementor-element elementor-element-3758ef8 elementor-widget elementor-widget-text-editor\" data-id=\"3758ef8\" data-element_type=\"widget\" data-widget_type=\"text-editor.default\">\n\t\t\t\t<div class=\"elementor-widget-container\">\n\t\t\t\t\t\t\t\t\t<div class=\"titleAndHeader\"><h3>Neden Total Yak\u0131tmatik?<\/h3><p>Akaryak\u0131t giderlerinizi kontrol alt\u0131na almak ve filonuzun akaryak\u0131t t\u00fcketimini, km takibi ve limit tan\u0131mlamalar\u0131 yaparak etkin bir \u015fekilde y\u00f6netmek i\u00e7in. Saat, g\u00fcn, b\u00f6lge, istasyon ve daha bir\u00e7ok kritere g\u00f6re filo ara\u00e7lar\u0131n\u0131z\u0131n akaryak\u0131t al\u0131mlar\u0131n\u0131 takip etmek i\u00e7in. Y\u00fczlerce akaryak\u0131t fi\u015fi, masraf formu kontrol\u00fc ile zaman kaybetmemek i\u00e7in. Yak\u0131tmatik kurulu t\u00fcm istasyonlar online ba\u011flant\u0131 ile merkeze ba\u011fl\u0131 oldu\u011fundan, her bir i\u015flemin limit kontrolleri an\u0131nda yapabilmek i\u00e7in. T\u00fcm T\u00fcrkiye \u00e7ap\u0131nda say\u0131lar\u0131 her g\u00fcn artan TOTAL istasyonlar\u0131ndan kolay, h\u0131zl\u0131 ve m\u00fc\u015fteri odakl\u0131 hizmet alabilmek i\u00e7in.<br \/><br \/><\/p><\/div><div class=\"titleAndHeader\"><h3>Yak\u0131tmatik Nas\u0131l Kullan\u0131l\u0131r?<\/h3><p>Yak\u0131tmatik\u2019i kullanmak olduk\u00e7a kolayd\u0131r. Sisteme kaydolduktan sonra yapman\u0131z gerekenler; Yak\u0131tmatik sistemine d\u00e2hil olan bir istasyona girilir ve \u00fczerinde Yak\u0131tmatik yazan pompaya yana\u015f\u0131l\u0131r. Pompa ara\u00e7 deposuna girdi\u011fi anda sistem aktif olacakt\u0131r. \u00dcr\u00fcn tipi ve limit kontrolleri yap\u0131ld\u0131ktan sonra yak\u0131t dolumu ba\u015flayacakt\u0131r. Dolum sonras\u0131 ara\u00e7 ve dolum bilgileri TOTAL\u2019in merkezindeki veri taban\u0131na y\u00fcklenecektir. Y\u00fckleme sonras\u0131 \u00f6zel web ara y\u00fcz\u00fc ile kullan\u0131c\u0131lar yak\u0131t al\u0131m detaylar\u0131na an\u0131nda ve kolayca ula\u015fabilecekler.<br \/><br \/><\/p><\/div><div class=\"titleAndHeader\"><h3>Yak\u0131tmatik Kurulumu ve Ekipmanlar\u0131?<\/h3><p>Kurulumu olduk\u00e7a basittir. Her ara\u00e7 tipine \u00f6zel ekipmanlar ile yap\u0131lan montaj, ara\u00e7lar\u0131n performans\u0131n\u0131 kesinlikle etkilemez. Ara\u00e7lara tak\u0131lan ekipman\u0131n kendisi, montaj\u0131 ve servis i\u00e7in hi\u00e7bir \u00fccret m\u00fc\u015fteri taraf\u0131ndan \u00f6denmez. VIU, HALKA, F\u0130LOKART olmak \u00fczere 3 cihaz tipi vard\u0131r.<br \/><br \/><\/p><\/div><div class=\"titleAndHeader\"><h3>Yak\u0131tmatik Cihazlar\u0131?<\/h3><p>Yak\u0131tmatik\u2019in farkl\u0131 ihtiya\u00e7lar\u0131 kar\u015f\u0131layacak 3 farkl\u0131 kullan\u0131m bi\u00e7imi bulunmaktad\u0131r. F\u0130LOKART: Montaja ihtiya\u00e7 duymaks\u0131z\u0131n, kart \u015feklinde kullan\u0131l\u0131r. Bu sistemle litre, plaka, yak\u0131t t\u00fcr\u00fc, istasyon, tarih ve saat bilgilerine kolayca ula\u015f\u0131l\u0131r. HALKA: Ara\u00e7 deposuna monte edilir. Bu sistemde ara\u00e7; litre, plaka, yak\u0131t t\u00fcr\u00fc, istasyon, tarih ve saat baz\u0131nda kontrol edilebilir. VIU: Ara\u00e7 deposuna monte edilir ve bir kablo ile arac\u0131n kilometre sayac\u0131na ba\u011flan\u0131r. Bu sistemde kullan\u0131c\u0131lar di\u011ferlerine art\u0131 olarak kilometre bilgilerine de ula\u015fabilir.<br \/><br \/><\/p><\/div><div class=\"titleAndHeader\"><h3>Yak\u0131tmatik\u2019in Sa\u011flad\u0131\u011f\u0131 Avantajlar\u0131 Nedir?<\/h3><p>Akaryak\u0131t giderinin kontrol\u00fcn\u00fc kolayca sa\u011flar. Zaman ve para tasarrufu sa\u011flar. Filo ve yak\u0131t y\u00f6netimini kolayla\u015ft\u0131r\u0131r. S\u00fcr\u00fcc\u00fc ile filo y\u00f6neticisi aras\u0131nda akaryak\u0131t t\u00fcketimi konusunda \u00e7\u0131kabilecek olas\u0131 anla\u015fmazl\u0131klar\u0131 ortadan kald\u0131r\u0131r. Her bir akaryak\u0131t dolumu sonras\u0131nda \u00f6deme ve fatura i\u00e7in beklemeyi ortadan kald\u0131r\u0131r. Do\u011fru \u00fcr\u00fcn\u00fcn do\u011fru depoya girmesini sa\u011flayarak, yanl\u0131\u015f dolum olas\u0131l\u0131\u011f\u0131n\u0131 ortadan kald\u0131r\u0131r.<br \/><br \/><\/p><\/div><div class=\"titleAndHeader\"><h3>Yak\u0131tmatik\u2019in Sa\u011flad\u0131\u011f\u0131 Kolayl\u0131klar Nedir?<\/h3><p>Kredi kart\u0131 kullanmak, \u00f6deme yapmak veya fatura almak i\u00e7in beklemezsiniz. Akaryak\u0131t al\u0131m\u0131 i\u00e7in avans vermeniz veya yap\u0131lan harcamalar i\u00e7in \u00f6deme talep etmenize gerek kalmaz. Faturay\u0131 tek bir noktadan al\u0131r, \u00f6deminizi bir noktaya yapars\u0131n\u0131z. Yak\u0131tmatik kurulu t\u00fcm istasyonlar\u0131n online ba\u011flant\u0131 ile merkeze ba\u011fl\u0131 olmas\u0131 sayesinde her i\u015flemin kontrollerini an\u0131nda yapabilirsiniz. Yak\u0131tmatik sisteminin ileri bilgi i\u015flem altyap\u0131s\u0131 ve kullan\u0131c\u0131s\u0131na sa\u011flad\u0131\u011f\u0131 y\u00fcksek performansl\u0131 online altyap\u0131s\u0131 ile t\u00fcm bilgiler en g\u00fcvenli bi\u00e7imde transfer edilir ve merkez bilgisayarlarda saklan\u0131r.<br \/><br \/><\/p><\/div><div class=\"titleAndHeader\"><h3>Yak\u0131tmatik ba\u015fvurusunda Kredi kart\u0131 bilgilerimi vermem g\u00fcvenli midir? Ba\u015fkas\u0131 ile payla\u015f\u0131l\u0131r m\u0131?<\/h3><p>Kredi kart\u0131 ile Yak\u0131tmatik sisteminde \u00f6deme s\u00fcreci ,girilen kart bilgilerinin Payten taraf\u0131ndan bankaya iletilmesi sonras\u0131, banka \u00fczerinden 3D \u015fifresi ile ger\u00e7ekle\u015ftirilir. Total m\u00fc\u015fteri kredi kart\u0131 bilgilerine eri\u015femez ve saklamaz.<br \/><br \/><\/p><\/div><div class=\"titleAndHeader\"><h3>Yap\u0131lan harcamalar\u0131 nas\u0131l g\u00f6rebilirim?<\/h3><p>Harcamalar\u0131n\u0131z\u0131 , web sitemizde kullan\u0131c\u0131 ad\u0131 ve \u015fifrenizle giri\u015f yapman\u0131z sonras\u0131nda yak\u0131tmatik i\u015flemlerinizi g\u00f6rebilece\u011finiz m\u00fc\u015fteri portal\u0131ndan takip edebilirsiniz. Ayr\u0131ca, Yak\u0131tmatik ile e\u015fle\u015ftirilen kredi kart\u0131n\u0131n ayl\u0131k ekstresinde g\u00f6r\u00fclebilir.<br \/><br \/><\/p><\/div><div class=\"titleAndHeader\"><h3>Kredi kart\u0131 ile Yak\u0131tmatik avantajlar\u0131ndan faydalanabilmek i\u00e7in belirli bir kredi kart\u0131 olmak zorunda m\u0131 yoksa herhangi bir bankan\u0131nda kredi kart\u0131na tan\u0131mlanabiliyor mu?<\/h3><p>M\u00fc\u015fterilerimiz; yak\u0131tmatik sisteminden faydalanmak i\u00e7in yurti\u00e7i kullan\u0131m\u0131na t\u00fcm bankalara ait kredi kartlar\u0131 ve debit kartlar\u0131 kullanabilirler.<br \/><br \/><\/p><\/div><div class=\"titleAndHeader\"><h3>Kredi kart\u0131mda limit yoksa yak\u0131t al\u0131m\u0131 yapabilir miyim?<\/h3><p>Kredi kart\u0131nda\/kartlar\u0131nda limit olmamas\u0131 durumunda al\u0131m yap\u0131lan tutar, sisteme ilk giri\u015fte m\u00fc\u015fteri bilgisi dahilinde \u00e7ekilen teminat tutar\u0131ndan tahsil edilmektedir. Teminat tutar\u0131n\u0131n bitmesi durumunda yak\u0131t al\u0131m\u0131 yap\u0131lamaz.<br \/><br \/><\/p><\/div><div class=\"titleAndHeader\"><h3>Kredi kart\u0131m kaybolursa ne yapmam gerekiyor?<\/h3><p>Bankan\u0131z\u0131 arayarak kredi kart\u0131n\u0131z\u0131 iptal ettirmeniz gerekmektedir. Yeni kredi kart\u0131n\u0131z gelince; Yak\u0131tmatik sistemine tekrar tan\u0131mlayabilirsiniz.<\/p><\/div>\t\t\t\t\t\t\t\t<\/div>\n\t\t\t\t<\/div>\n\t\t\t\t\t<\/div>\n\t\t\t\t<\/div>\n\t\t\t\t<\/div>\n\t\t","protected":false},"excerpt":{"rendered":"<p>Yak\u0131tmatik nedir? Yak\u0131tmatik nedir? Yak\u0131tmatik bir akaryak\u0131t denetim ve filo y\u00f6netim sistemidir. \u0130stasyonda nakit\/kredi ile \u00f6deme yapmadan, fi\u015f veya fatura almaya gerek kalmadan yak\u0131t al\u0131m\u0131n\u0131 sa\u011flar. Yak\u0131tmatik dolum bilgilerini ve ta\u015f\u0131t t\u00fcketim bilgilerini elektronik ortamda raporlar. Yak\u0131tmatik bir\u00e7ok de\u011fi\u015fik limitleme parametresi sayesinde akaryak\u0131t t\u00fcketimini kontrol alt\u0131na al\u0131r. Yak\u0131tmatik kilometre takibini basit ve g\u00fcvenli olarak yak\u0131t [&hellip;]<\/p>\n","protected":false},"author":1,"featured_media":0,"parent":0,"menu_order":0,"comment_status":"closed","ping_status":"closed","template":"elementor_header_footer","meta":{"footnotes":""},"class_list":["post-21","page","type-page","status-publish","hentry"],"_links":{"self":[{"href":"https:\/\/www.yakitmatic.com\/index.php\/wp-json\/wp\/v2\/pages\/21","targetHints":{"allow":["GET"]}}],"collection":[{"href":"https:\/\/www.yakitmatic.com\/index.php\/wp-json\/wp\/v2\/pages"}],"about":[{"href":"https:\/\/www.yakitmatic.com\/index.php\/wp-json\/wp\/v2\/types\/page"}],"author":[{"embeddable":true,"href":"https:\/\/www.yakitmatic.com\/index.php\/wp-json\/wp\/v2\/users\/1"}],"replies":[{"embeddable":true,"href":"https:\/\/www.yakitmatic.com\/index.php\/wp-json\/wp\/v2\/comments?post=21"}],"version-history":[{"count":12,"href":"https:\/\/www.yakitmatic.com\/index.php\/wp-json\/wp\/v2\/pages\/21\/revisions"}],"predecessor-version":[{"id":1100,"href":"https:\/\/www.yakitmatic.com\/index.php\/wp-json\/wp\/v2\/pages\/21\/revisions\/1100"}],"wp:attachment":[{"href":"https:\/\/www.yakitmatic.com\/index.php\/wp-json\/wp\/v2\/media?parent=21"}],"curies":[{"name":"wp","href":"https:\/\/api.w.org\/{rel}","templated":true}]}}