{"id":40,"date":"2024-06-03T12:46:48","date_gmt":"2024-06-03T12:46:48","guid":{"rendered":"https:\/\/twinkletheme.com\/themeforest\/wp\/elementor\/bixola\/?page_id=40"},"modified":"2025-04-24T16:40:23","modified_gmt":"2025-04-24T16:40:23","slug":"iletisim","status":"publish","type":"page","link":"https:\/\/www.yakitmatic.com\/index.php\/iletisim\/","title":{"rendered":"\u0130leti\u015fim"},"content":{"rendered":"\t\t<div data-elementor-type=\"wp-page\" data-elementor-id=\"40\" class=\"elementor elementor-40\">\n\t\t\t\t<div class=\"elementor-element elementor-element-3b8b757 e-flex e-con-boxed e-con e-parent\" data-id=\"3b8b757\" data-element_type=\"container\">\n\t\t\t\t\t<div class=\"e-con-inner\">\n\t\t<div class=\"elementor-element elementor-element-2fde1e1 e-con-full e-flex e-con e-child\" data-id=\"2fde1e1\" data-element_type=\"container\">\n\t\t\t\t<div class=\"elementor-element elementor-element-608d690 elementor-widget elementor-widget-bixola_contact_info\" data-id=\"608d690\" data-element_type=\"widget\" data-widget_type=\"bixola_contact_info.default\">\n\t\t\t\t<div class=\"elementor-widget-container\">\n\t\t\t\t\t\r\n            <div class=\"information__single\">\r\n                                    <div class=\"information__icon\">\r\n                        <span aria-hidden=\"true\" class=\" icon-chat-1 bixola-icons\"><\/span>                    <\/div>\r\n                                \r\n                                    <p class=\"information__text\">WhatsApp<\/p>\r\n                                                    <p class=\"information__number\">\r\n                        Canl\u0131 Destek Hatt\u0131                    <\/p>\r\n                                \r\n                <a href=\"https:\/\/wa.me\/+905322978888\" target=\"_blank\" rel=\"nofollow\" class=\"bixola-el-button information__btn\">\r\n                    Yaz\u0131\u015fmaya Ba\u015fla<span class=\"icon-right-arrow1\"><\/span>\r\n                <\/a>\r\n                \r\n            <\/div>\r\n\r\n        \t\t\t\t<\/div>\n\t\t\t\t<\/div>\n\t\t\t\t<\/div>\n\t\t<div class=\"elementor-element elementor-element-5d4e3c9 e-con-full e-flex e-con e-child\" data-id=\"5d4e3c9\" data-element_type=\"container\">\n\t\t\t\t<div class=\"elementor-element elementor-element-6adbf0c elementor-widget elementor-widget-bixola_contact_info\" data-id=\"6adbf0c\" data-element_type=\"widget\" data-widget_type=\"bixola_contact_info.default\">\n\t\t\t\t<div class=\"elementor-widget-container\">\n\t\t\t\t\t\r\n            <div class=\"information__single\">\r\n                                    <div class=\"information__icon\">\r\n                        <span aria-hidden=\"true\" class=\" icon-phone-call bixola-icons\"><\/span>                    <\/div>\r\n                                \r\n                                    <p class=\"information__text\">Bizi Aray\u0131n<\/p>\r\n                                                    <p class=\"information__number\">\r\n                        <a href=\"tel:+905322978888\">\r\n                            0532 297 88 88                        <\/a>\r\n                    <\/p>\r\n                                \r\n                <a href=\"tel:+905322978888\" target=\"_blank\" rel=\"nofollow\" class=\"bixola-el-button information__btn\">\r\n                    Konu\u015fmaya Ba\u015fla<span class=\"icon-right-arrow1\"><\/span>\r\n                <\/a>\r\n                \r\n            <\/div>\r\n\r\n        \t\t\t\t<\/div>\n\t\t\t\t<\/div>\n\t\t\t\t<\/div>\n\t\t<div class=\"elementor-element elementor-element-3b4f7e9 e-con-full e-flex e-con e-child\" data-id=\"3b4f7e9\" data-element_type=\"container\">\n\t\t\t\t<div class=\"elementor-element elementor-element-f4e448f elementor-widget elementor-widget-bixola_contact_info\" data-id=\"f4e448f\" data-element_type=\"widget\" data-widget_type=\"bixola_contact_info.default\">\n\t\t\t\t<div class=\"elementor-widget-container\">\n\t\t\t\t\t\r\n            <div class=\"information__single\">\r\n                                    <div class=\"information__icon\">\r\n                        <span aria-hidden=\"true\" class=\" icon-gmail bixola-icons\"><\/span>                    <\/div>\r\n                                \r\n                                    <p class=\"information__text\">E-Posta<\/p>\r\n                                                    <p class=\"information__number\">\r\n                        info@yakitmatic.com                    <\/p>\r\n                                \r\n                <a href=\"mailto:info@yakitmatic.com\" target=\"_blank\" rel=\"nofollow\" class=\"bixola-el-button information__btn\">\r\n                    Mail G\u00f6nder<span class=\"icon-right-arrow1\"><\/span>\r\n                <\/a>\r\n                \r\n            <\/div>\r\n\r\n        \t\t\t\t<\/div>\n\t\t\t\t<\/div>\n\t\t\t\t<\/div>\n\t\t\t\t\t<\/div>\n\t\t\t\t<\/div>\n\t\t<div class=\"elementor-element elementor-element-6b1c7dd e-con-full e-flex e-con e-parent\" data-id=\"6b1c7dd\" data-element_type=\"container\">\n\t\t\t\t<div class=\"elementor-element elementor-element-ef1b380 elementor-widget elementor-widget-bixola_contact_form\" data-id=\"ef1b380\" data-element_type=\"widget\" data-widget_type=\"bixola_contact_form.default\">\n\t\t\t\t<div class=\"elementor-widget-container\">\n\t\t\t\t\t\r\n            \r\n                <section class=\"appointment-one\">\r\n                    <div class=\"appointment-one__inner\">\r\n                        <div class=\"container\">\r\n                            <div class=\"row\">\r\n                                <div class=\"col-xl-4 col-lg-5\">\r\n                                    <div class=\"appointment-one__left\">\r\n                                        <h2 class=\"bixola-el-section-title appointment-one__title\">Hemen Ba\u015fvur<\/h2>                                                                                    <p class=\"bixola-el-section-description appointment-one__text\">\r\n                                                Yak\u0131t matik hakk\u0131nda bilgi almak ve ba\u015fvuru yapmak i\u00e7in formu doldurabilirsiniz.                                            <\/p>\r\n                                                                            <\/div>\r\n                                <\/div>\r\n                                <div class=\"col-xl-8 col-lg-7\">\r\n                                    <div class=\"appointment-one__right\">\r\n                                        <div class=\"appointment-one__form-box\">\r\n                                                                                            \n<div class=\"wpcf7 no-js\" id=\"wpcf7-f31-o1\" lang=\"en-US\" dir=\"ltr\" data-wpcf7-id=\"31\">\n<div class=\"screen-reader-response\"><p role=\"status\" aria-live=\"polite\" aria-atomic=\"true\"><\/p> <ul><\/ul><\/div>\n<form action=\"\/index.php\/wp-json\/wp\/v2\/pages\/40#wpcf7-f31-o1\" method=\"post\" class=\"wpcf7-form init\" aria-label=\"Contact form\" novalidate=\"novalidate\" data-status=\"init\">\n<div style=\"display: none;\">\n<input type=\"hidden\" name=\"_wpcf7\" value=\"31\" \/>\n<input type=\"hidden\" name=\"_wpcf7_version\" value=\"6.0.6\" \/>\n<input type=\"hidden\" name=\"_wpcf7_locale\" value=\"en_US\" \/>\n<input type=\"hidden\" name=\"_wpcf7_unit_tag\" value=\"wpcf7-f31-o1\" \/>\n<input type=\"hidden\" name=\"_wpcf7_container_post\" value=\"0\" \/>\n<input type=\"hidden\" name=\"_wpcf7_posted_data_hash\" value=\"\" \/>\n<\/div>\n<div class=\"contact-page__form contact-form-validated\">\n    <div class=\"row\">\n        <div class=\"col-xl-12\">\n            <div class=\"contact-page__input-box\">\n                <h3 class=\"contact-page__input-title\">\u0130S\u0130M SOY\u0130S\u0130M *<\/h3>\n                <span class=\"wpcf7-form-control-wrap\" data-name=\"your-name\"><input size=\"40\" maxlength=\"400\" class=\"wpcf7-form-control wpcf7-text wpcf7-validates-as-required\" aria-required=\"true\" aria-invalid=\"false\" placeholder=\"\u0130sim Soyisim\" value=\"\" type=\"text\" name=\"your-name\" \/><\/span>\n            <\/div>\n        <\/div>\n        <div class=\"col-xl-6\">\n            <div class=\"contact-page__input-box\">\n                <h3 class=\"contact-page__input-title\">E-POSTA *<\/h3>\n                <span class=\"wpcf7-form-control-wrap\" data-name=\"your-email\"><input size=\"40\" maxlength=\"400\" class=\"wpcf7-form-control wpcf7-email wpcf7-validates-as-required wpcf7-text wpcf7-validates-as-email\" aria-required=\"true\" aria-invalid=\"false\" placeholder=\"E-Posta\" value=\"\" type=\"email\" name=\"your-email\" \/><\/span>\n            <\/div>\n        <\/div>\n        <div class=\"col-xl-6\">\n            <div class=\"contact-page__input-box\">\n                <h3 class=\"contact-page__input-title\">TELEFON *<\/h3>\n                <span class=\"wpcf7-form-control-wrap\" data-name=\"your-tel\"><input size=\"40\" maxlength=\"400\" class=\"wpcf7-form-control wpcf7-tel wpcf7-validates-as-required wpcf7-text wpcf7-validates-as-tel\" aria-required=\"true\" aria-invalid=\"false\" placeholder=\"Telefon\" value=\"\" type=\"tel\" name=\"your-tel\" \/><\/span>\n            <\/div>\n        <\/div>\n        <div class=\"col-xl-12\">\n            <div class=\"contact-page__input-box text-message-box\">\n                <h3 class=\"contact-page__input-title\">MESAJ <span>(Opsiyonel)<\/span><\/h3>\n                <span class=\"wpcf7-form-control-wrap\" data-name=\"your-message\"><textarea cols=\"40\" rows=\"10\" maxlength=\"2000\" class=\"wpcf7-form-control wpcf7-textarea wpcf7-validates-as-required\" aria-required=\"true\" aria-invalid=\"false\" placeholder=\"Bize Yaz\u0131n..\" name=\"your-message\"><\/textarea><\/span>\n            <\/div>\n            <div class=\"contact-page__btn-box\">\n                <button type=\"submit\" class=\"thm-btn contact-page__btn\"><span class=\"fas fa-paper-plane\"><\/span>G\u00d6NDER<\/button>\n            <\/div>\n        <\/div>\n    <\/div>\n<\/div><div class=\"wpcf7-response-output\" aria-hidden=\"true\"><\/div>\n<\/form>\n<\/div>\n                                                                                        <div class=\"result\"><\/div>\r\n                                        <\/div>\r\n                                    <\/div>\r\n                                <\/div>\r\n                            <\/div>\r\n                        <\/div>\r\n                    <\/div>\r\n                <\/section>\r\n\r\n            \r\n        \t\t\t\t<\/div>\n\t\t\t\t<\/div>\n\t\t\t\t<\/div>\n\t\t\t\t<\/div>\n\t\t","protected":false},"excerpt":{"rendered":"<p>WhatsApp Canl\u0131 Destek Hatt\u0131 Yaz\u0131\u015fmaya Ba\u015fla Bizi Aray\u0131n 0532 297 88 88 Konu\u015fmaya Ba\u015fla E-Posta info@yakitmatic.com Mail G\u00f6nder Hemen Ba\u015fvur Yak\u0131t matik hakk\u0131nda bilgi almak ve ba\u015fvuru yapmak i\u00e7in formu doldurabilirsiniz. \u0130sim Soyisim * E-Posta * Telefon * Mesaj (Opsiyonel) G\u00d6NDER<\/p>\n","protected":false},"author":1,"featured_media":0,"parent":0,"menu_order":0,"comment_status":"closed","ping_status":"closed","template":"elementor_header_footer","meta":{"footnotes":""},"class_list":["post-40","page","type-page","status-publish","hentry"],"_links":{"self":[{"href":"https:\/\/www.yakitmatic.com\/index.php\/wp-json\/wp\/v2\/pages\/40","targetHints":{"allow":["GET"]}}],"collection":[{"href":"https:\/\/www.yakitmatic.com\/index.php\/wp-json\/wp\/v2\/pages"}],"about":[{"href":"https:\/\/www.yakitmatic.com\/index.php\/wp-json\/wp\/v2\/types\/page"}],"author":[{"embeddable":true,"href":"https:\/\/www.yakitmatic.com\/index.php\/wp-json\/wp\/v2\/users\/1"}],"replies":[{"embeddable":true,"href":"https:\/\/www.yakitmatic.com\/index.php\/wp-json\/wp\/v2\/comments?post=40"}],"version-history":[{"count":11,"href":"https:\/\/www.yakitmatic.com\/index.php\/wp-json\/wp\/v2\/pages\/40\/revisions"}],"predecessor-version":[{"id":1105,"href":"https:\/\/www.yakitmatic.com\/index.php\/wp-json\/wp\/v2\/pages\/40\/revisions\/1105"}],"wp:attachment":[{"href":"https:\/\/www.yakitmatic.com\/index.php\/wp-json\/wp\/v2\/media?parent=40"}],"curies":[{"name":"wp","href":"https:\/\/api.w.org\/{rel}","templated":true}]}}